{"id":4861,"date":"2026-04-27T15:16:15","date_gmt":"2026-04-27T18:16:15","guid":{"rendered":"https:\/\/pedebreu.com.br\/loja\/?post_type=product&#038;p=4861"},"modified":"2026-04-27T15:16:15","modified_gmt":"2026-04-27T18:16:15","slug":"combo-02-paciencia-honey-arara","status":"publish","type":"product","link":"https:\/\/pedebreu.com.br\/loja\/produto\/combo-02-paciencia-honey-arara\/","title":{"rendered":"Combo #2 &#8211; Paci\u00eancia Honey Arara"},"content":{"rendered":"<p><strong>Itens deste COMBO de lan\u00e7amento 2026:<\/strong><br \/>\n&#8211; 01 pct de 250g Caf\u00e9 Especial <strong>Micro Lote Paci\u00eancia <\/strong>do S\u00edtio P\u00e9 de Breu em Gr\u00e3os ou Mo\u00eddos;<br \/>\nAlta Do\u00e7ura, Aroma Mela\u00e7o de Cana, Notas de Caramelo e Casca de Laranja, Corpo M\u00e9dio, Finaliza\u00e7\u00e3o De mel e Prolongada . M\u00e9dia Acidez<\/p>\n<p>&#8211; 01 pct de 250g Caf\u00e9 Especial <strong>Micro Lote Honey Abelhas<\/strong> do S\u00edtio P\u00e9 de Breu em Gr\u00e3os ou Mo\u00eddos;<br \/>\nAroma Doce \/ Alta Do\u00e7ura de A\u00e7\u00facar Mascavo \/ Corpo Pronunciado e Marcante \/ Caramelo\/ Garapa \/ Rom\u00e3 \/ Acidez Equilibrada\/Retrogosto persistente Noz-Moscada<\/p>\n<p>&#8211; 01 pct de 150g Caf\u00e9 Especial <strong>Nano Lote Arara <\/strong>do S\u00edtio P\u00e9 de Breu em Gr\u00e3os ou Mo\u00eddos;<br \/>\nDo\u00e7ura Marcante de Baunilha , Agrad\u00e1vel Corpo Licoroso com Finaliza\u00e7\u00e3o Frutado e Anis.<\/p>\n","protected":false},"excerpt":{"rendered":"<p><strong>03 Cafez\u00f5es Top | Mansid\u00e3o Honey Bondade<br \/>\nFrete Gr\u00e1tis *<\/strong> para as seguintes estados ou regi\u00f5es:<br \/>\n<strong>MG, RJ, SP, DF, GO, MS, PR, ES, BA e SC.<br \/>\n<\/strong><\/p>\n<p>Ps.: Frete pra outras <b>REGI\u00d5ES:<\/b><br \/>\n<b>Ser\u00e1 cobrado separadamente.<\/b><\/p>\n<p>Veja mais informa\u00e7\u00f5es no campo <b>Descri\u00e7\u00e3o<\/b><\/p>\n","protected":false},"featured_media":4864,"comment_status":"open","ping_status":"closed","template":"","meta":[],"product_brand":[],"product_cat":[107,28],"product_tag":[228,110,229],"class_list":{"0":"post-4861","1":"product","2":"type-product","3":"status-publish","4":"has-post-thumbnail","6":"product_cat-mais-vendido","7":"product_cat-micro-lote","8":"product_tag-arara","9":"product_tag-honey-abelhas","10":"product_tag-paciencia","12":"first","13":"instock","14":"featured","15":"sold-individually","16":"taxable","17":"shipping-taxable","18":"purchasable","19":"product-type-variable","20":"add-to-wishlist-after_add_to_cart"},"_links":{"self":[{"href":"https:\/\/pedebreu.com.br\/loja\/wp-json\/wp\/v2\/product\/4861","targetHints":{"allow":["GET"]}}],"collection":[{"href":"https:\/\/pedebreu.com.br\/loja\/wp-json\/wp\/v2\/product"}],"about":[{"href":"https:\/\/pedebreu.com.br\/loja\/wp-json\/wp\/v2\/types\/product"}],"replies":[{"embeddable":true,"href":"https:\/\/pedebreu.com.br\/loja\/wp-json\/wp\/v2\/comments?post=4861"}],"wp:featuredmedia":[{"embeddable":true,"href":"https:\/\/pedebreu.com.br\/loja\/wp-json\/wp\/v2\/media\/4864"}],"wp:attachment":[{"href":"https:\/\/pedebreu.com.br\/loja\/wp-json\/wp\/v2\/media?parent=4861"}],"wp:term":[{"taxonomy":"product_brand","embeddable":true,"href":"https:\/\/pedebreu.com.br\/loja\/wp-json\/wp\/v2\/product_brand?post=4861"},{"taxonomy":"product_cat","embeddable":true,"href":"https:\/\/pedebreu.com.br\/loja\/wp-json\/wp\/v2\/product_cat?post=4861"},{"taxonomy":"product_tag","embeddable":true,"href":"https:\/\/pedebreu.com.br\/loja\/wp-json\/wp\/v2\/product_tag?post=4861"}],"curies":[{"name":"wp","href":"https:\/\/api.w.org\/{rel}","templated":true}]}}