{"id":4790,"date":"2026-03-09T21:32:20","date_gmt":"2026-03-10T00:32:20","guid":{"rendered":"https:\/\/pedebreu.com.br\/loja\/?post_type=product&#038;p=4790"},"modified":"2026-03-18T10:57:46","modified_gmt":"2026-03-18T13:57:46","slug":"repelente-natural","status":"publish","type":"product","link":"https:\/\/pedebreu.com.br\/loja\/produto\/repelente-natural\/","title":{"rendered":"REPELENTE NATURAL"},"content":{"rendered":"<p><strong>Ingredientes:<\/strong><br \/>\nRepelente de Caf\u00e9 &#8211; fraco 100ml<br \/>\n\u00c1lcool de cereal, caf\u00e9 produzidos no s\u00edtio e \u00f3leo de am\u00eandoas.<\/p>\n<p>Repelente Citronela &#8211; fraco 100ml<br \/>\n\u00c1lcool de cereal, citronela cultivada no s\u00edtio e \u00f3leo de am\u00eandoas.<\/p>\n","protected":false},"excerpt":{"rendered":"<p><strong>Ingredientes:<\/strong><br \/>\nRepelente de Caf\u00e9 &#8211; fraco 100ml<br \/>\n\u00c1lcool de cereal, caf\u00e9 produzidos no s\u00edtio e \u00f3leo de am\u00eandoas.<\/p>\n<p>Repelente Citronela &#8211; fraco 100ml<br \/>\n\u00c1lcool de cereal, citronela cultivada no s\u00edtio e \u00f3leo de am\u00eandoas.<\/p>\n","protected":false},"featured_media":4796,"comment_status":"open","ping_status":"closed","template":"","meta":[],"product_brand":[],"product_cat":[203],"product_tag":[102,204],"class_list":{"0":"post-4790","1":"product","2":"type-product","3":"status-publish","4":"has-post-thumbnail","6":"product_cat-repelente","7":"product_tag-cafe","8":"product_tag-citronela","10":"first","11":"instock","12":"taxable","13":"shipping-taxable","14":"purchasable","15":"product-type-variable","16":"add-to-wishlist-after_add_to_cart"},"_links":{"self":[{"href":"https:\/\/pedebreu.com.br\/loja\/wp-json\/wp\/v2\/product\/4790","targetHints":{"allow":["GET"]}}],"collection":[{"href":"https:\/\/pedebreu.com.br\/loja\/wp-json\/wp\/v2\/product"}],"about":[{"href":"https:\/\/pedebreu.com.br\/loja\/wp-json\/wp\/v2\/types\/product"}],"replies":[{"embeddable":true,"href":"https:\/\/pedebreu.com.br\/loja\/wp-json\/wp\/v2\/comments?post=4790"}],"wp:featuredmedia":[{"embeddable":true,"href":"https:\/\/pedebreu.com.br\/loja\/wp-json\/wp\/v2\/media\/4796"}],"wp:attachment":[{"href":"https:\/\/pedebreu.com.br\/loja\/wp-json\/wp\/v2\/media?parent=4790"}],"wp:term":[{"taxonomy":"product_brand","embeddable":true,"href":"https:\/\/pedebreu.com.br\/loja\/wp-json\/wp\/v2\/product_brand?post=4790"},{"taxonomy":"product_cat","embeddable":true,"href":"https:\/\/pedebreu.com.br\/loja\/wp-json\/wp\/v2\/product_cat?post=4790"},{"taxonomy":"product_tag","embeddable":true,"href":"https:\/\/pedebreu.com.br\/loja\/wp-json\/wp\/v2\/product_tag?post=4790"}],"curies":[{"name":"wp","href":"https:\/\/api.w.org\/{rel}","templated":true}]}}