{"id":4690,"date":"2026-02-18T11:54:19","date_gmt":"2026-02-18T14:54:19","guid":{"rendered":"https:\/\/pedebreu.com.br\/loja\/?post_type=product&#038;p=4690"},"modified":"2026-03-23T21:22:10","modified_gmt":"2026-03-24T00:22:10","slug":"nano-lote-fidelidade","status":"publish","type":"product","link":"https:\/\/pedebreu.com.br\/loja\/produto\/nano-lote-fidelidade\/","title":{"rendered":"NANO LOTE FIDELIDADE 150g"},"content":{"rendered":"<p><strong>Pacote \/ Lata 150g de Caf\u00e9 Especial | NANO LOTE FIDELIDADE:<\/strong><br \/>\nSensorial Ex\u00f3tico &#8211; Fermenta\u00e7\u00e3o Induzida no Abacaxi com Anis Estrelado &#8211; Super Do\u00e7ura, Corpo Licoroso com Retrogosto Frutado C\u00edtrico e Persistente.<\/p>\n","protected":false},"excerpt":{"rendered":"<p><strong>Pacote \/ Lata 150g de Caf\u00e9 Especial | NANO LOTE FIDELIDADE:<\/strong><br \/>\nSensorial Ex\u00f3tico &#8211; Fermenta\u00e7\u00e3o Induzida no Abacaxi com Anis Estrelado &#8211; Super Do\u00e7ura, Corpo Licoroso com Retrogosto Frutado C\u00edtrico e Persistente.<\/p>\n","protected":false},"featured_media":4693,"comment_status":"open","ping_status":"closed","template":"","meta":[],"product_brand":[],"product_cat":[79,185],"product_tag":[184,183],"class_list":{"0":"post-4690","1":"product","2":"type-product","3":"status-publish","4":"has-post-thumbnail","6":"product_cat-especial","7":"product_cat-nano-lote","8":"product_tag-fidelidade","9":"product_tag-nano-lote","11":"first","12":"instock","13":"taxable","14":"shipping-taxable","15":"purchasable","16":"product-type-variable","17":"add-to-wishlist-after_add_to_cart"},"_links":{"self":[{"href":"https:\/\/pedebreu.com.br\/loja\/wp-json\/wp\/v2\/product\/4690","targetHints":{"allow":["GET"]}}],"collection":[{"href":"https:\/\/pedebreu.com.br\/loja\/wp-json\/wp\/v2\/product"}],"about":[{"href":"https:\/\/pedebreu.com.br\/loja\/wp-json\/wp\/v2\/types\/product"}],"replies":[{"embeddable":true,"href":"https:\/\/pedebreu.com.br\/loja\/wp-json\/wp\/v2\/comments?post=4690"}],"wp:featuredmedia":[{"embeddable":true,"href":"https:\/\/pedebreu.com.br\/loja\/wp-json\/wp\/v2\/media\/4693"}],"wp:attachment":[{"href":"https:\/\/pedebreu.com.br\/loja\/wp-json\/wp\/v2\/media?parent=4690"}],"wp:term":[{"taxonomy":"product_brand","embeddable":true,"href":"https:\/\/pedebreu.com.br\/loja\/wp-json\/wp\/v2\/product_brand?post=4690"},{"taxonomy":"product_cat","embeddable":true,"href":"https:\/\/pedebreu.com.br\/loja\/wp-json\/wp\/v2\/product_cat?post=4690"},{"taxonomy":"product_tag","embeddable":true,"href":"https:\/\/pedebreu.com.br\/loja\/wp-json\/wp\/v2\/product_tag?post=4690"}],"curies":[{"name":"wp","href":"https:\/\/api.w.org\/{rel}","templated":true}]}}