{"id":4677,"date":"2026-02-12T20:32:57","date_gmt":"2026-02-12T23:32:57","guid":{"rendered":"https:\/\/pedebreu.com.br\/loja\/?post_type=product&#038;p=4677"},"modified":"2026-04-12T20:07:38","modified_gmt":"2026-04-12T23:07:38","slug":"6-cafe-premium-pe-de-breu","status":"publish","type":"product","link":"https:\/\/pedebreu.com.br\/loja\/produto\/6-cafe-premium-pe-de-breu\/","title":{"rendered":"6 Caf\u00e9s Premium P\u00e9 de Breu"},"content":{"rendered":"<p>Caf\u00e9 Premium | S\u00edtio P\u00e9 de Breu<br \/>\n6 Pacotes de 500g de caf\u00e9 <span style=\"color: #ec8c08;\"><strong>MO\u00cdDO<\/strong> <\/span>Premium | Sem Agrot\u00f3xico | S\u00edtio P\u00e9 de Breu<\/p>\n<p><span style=\"color: #ff0000;\">PAGUE R$ 299,90 -&gt; Obs: <strong>( <span style=\"color: #0000ff;\">V\u00e1lido somente para pagto no PIX )<\/span><\/strong><\/span><br \/>\n<strong>USE o CUPOM:<br \/>\n<span style=\"color: #ff0000;\">#6cafespremium<\/span><br \/>\n<\/strong><\/p>\n<p>Um <b>caf\u00e9<\/b>\u00a0de categoria superior com a mais alta qualidade do mercado.<br \/>\nA vers\u00e3o\u00a0<b>PREMIUM<\/b>\u00a0utiliza um delicado processo para torrar os gr\u00e3os produzidos na fazenda a fim de transform\u00e1-los num saboroso e diferenciado\u00a0<b>caf\u00e9<\/b>.<\/p>\n","protected":false},"excerpt":{"rendered":"<p>Caf\u00e9 Premium | S\u00edtio P\u00e9 de Breu<br \/>\n6 Pacotes de 500g de caf\u00e9 <span style=\"color: #ec8c08;\"><strong>MO\u00cdDO<\/strong> <\/span>Premium | Sem Agrot\u00f3xico | S\u00edtio P\u00e9 de Breu<\/p>\n<p><span style=\"color: #ff0000;\">PAGUE R$ 299,90 -&gt; Obs: <strong>( <span style=\"color: #0000ff;\">V\u00e1lido somente para pagto no PIX )<\/span><\/strong><\/span><br \/>\n<strong>USE o CUPOM:<br \/>\n<span style=\"color: #ff0000;\">#6cafespremium<\/span><br \/>\n<\/strong><\/p>\n<p>&nbsp;<\/p>\n","protected":false},"featured_media":4633,"comment_status":"open","ping_status":"closed","template":"","meta":[],"product_brand":[],"product_cat":[108,107,78],"product_tag":[180],"class_list":{"0":"post-4677","1":"product","2":"type-product","3":"status-publish","4":"has-post-thumbnail","6":"product_cat-frete-economico","7":"product_cat-mais-vendido","8":"product_cat-premium","9":"product_tag-kit-pix","11":"first","12":"outofstock","13":"featured","14":"taxable","15":"shipping-taxable","16":"purchasable","17":"product-type-simple","18":"add-to-wishlist-after_add_to_cart"},"_links":{"self":[{"href":"https:\/\/pedebreu.com.br\/loja\/wp-json\/wp\/v2\/product\/4677","targetHints":{"allow":["GET"]}}],"collection":[{"href":"https:\/\/pedebreu.com.br\/loja\/wp-json\/wp\/v2\/product"}],"about":[{"href":"https:\/\/pedebreu.com.br\/loja\/wp-json\/wp\/v2\/types\/product"}],"replies":[{"embeddable":true,"href":"https:\/\/pedebreu.com.br\/loja\/wp-json\/wp\/v2\/comments?post=4677"}],"wp:featuredmedia":[{"embeddable":true,"href":"https:\/\/pedebreu.com.br\/loja\/wp-json\/wp\/v2\/media\/4633"}],"wp:attachment":[{"href":"https:\/\/pedebreu.com.br\/loja\/wp-json\/wp\/v2\/media?parent=4677"}],"wp:term":[{"taxonomy":"product_brand","embeddable":true,"href":"https:\/\/pedebreu.com.br\/loja\/wp-json\/wp\/v2\/product_brand?post=4677"},{"taxonomy":"product_cat","embeddable":true,"href":"https:\/\/pedebreu.com.br\/loja\/wp-json\/wp\/v2\/product_cat?post=4677"},{"taxonomy":"product_tag","embeddable":true,"href":"https:\/\/pedebreu.com.br\/loja\/wp-json\/wp\/v2\/product_tag?post=4677"}],"curies":[{"name":"wp","href":"https:\/\/api.w.org\/{rel}","templated":true}]}}