{"id":4642,"date":"2026-01-16T14:15:19","date_gmt":"2026-01-16T17:15:19","guid":{"rendered":"https:\/\/pedebreu.com.br\/loja\/?post_type=product&#038;p=4642"},"modified":"2026-03-23T21:22:09","modified_gmt":"2026-03-24T00:22:09","slug":"nano-lote-cafe-delicata-150g","status":"publish","type":"product","link":"https:\/\/pedebreu.com.br\/loja\/produto\/nano-lote-cafe-delicata-150g\/","title":{"rendered":"Nano Lote Caf\u00e9 Delicata 150g"},"content":{"rendered":"<p><strong>Pacote \/ Lata 150g de Caf\u00e9 Especial | NANO LOTE FIDELIDADE:<\/strong><br \/>\nSensorial Ex\u00f3tico Cultivar Acau\u00e3 Novo Natural &#8211; Pronunciada e Marcante Do\u00e7ura, Corpo Sedoso, Caramelo, Retrogosto Persistente e Desafiador.<\/p>\n","protected":false},"excerpt":{"rendered":"<p><strong>Pacote \/ Lata 150g de Caf\u00e9 Especial | NANO LOTE FIDELIDADE:<\/strong><br \/>\nSensorial Ex\u00f3tico Cultivar Acau\u00e3 Novo Natural &#8211; Pronunciada e Marcante Do\u00e7ura, Corpo Sedoso, Caramelo, Retrogosto Persistente e Desafiador.<\/p>\n","protected":false},"featured_media":4645,"comment_status":"open","ping_status":"closed","template":"","meta":[],"product_brand":[],"product_cat":[79,185],"product_tag":[101,183],"class_list":{"0":"post-4642","1":"product","2":"type-product","3":"status-publish","4":"has-post-thumbnail","6":"product_cat-especial","7":"product_cat-nano-lote","8":"product_tag-delicata","9":"product_tag-nano-lote","11":"first","12":"instock","13":"taxable","14":"shipping-taxable","15":"purchasable","16":"product-type-variable","17":"add-to-wishlist-after_add_to_cart"},"_links":{"self":[{"href":"https:\/\/pedebreu.com.br\/loja\/wp-json\/wp\/v2\/product\/4642","targetHints":{"allow":["GET"]}}],"collection":[{"href":"https:\/\/pedebreu.com.br\/loja\/wp-json\/wp\/v2\/product"}],"about":[{"href":"https:\/\/pedebreu.com.br\/loja\/wp-json\/wp\/v2\/types\/product"}],"replies":[{"embeddable":true,"href":"https:\/\/pedebreu.com.br\/loja\/wp-json\/wp\/v2\/comments?post=4642"}],"wp:featuredmedia":[{"embeddable":true,"href":"https:\/\/pedebreu.com.br\/loja\/wp-json\/wp\/v2\/media\/4645"}],"wp:attachment":[{"href":"https:\/\/pedebreu.com.br\/loja\/wp-json\/wp\/v2\/media?parent=4642"}],"wp:term":[{"taxonomy":"product_brand","embeddable":true,"href":"https:\/\/pedebreu.com.br\/loja\/wp-json\/wp\/v2\/product_brand?post=4642"},{"taxonomy":"product_cat","embeddable":true,"href":"https:\/\/pedebreu.com.br\/loja\/wp-json\/wp\/v2\/product_cat?post=4642"},{"taxonomy":"product_tag","embeddable":true,"href":"https:\/\/pedebreu.com.br\/loja\/wp-json\/wp\/v2\/product_tag?post=4642"}],"curies":[{"name":"wp","href":"https:\/\/api.w.org\/{rel}","templated":true}]}}