{"id":4584,"date":"2025-09-26T08:53:38","date_gmt":"2025-09-26T11:53:38","guid":{"rendered":"https:\/\/pedebreu.com.br\/loja\/?post_type=product&#038;p=4584"},"modified":"2025-12-17T10:12:54","modified_gmt":"2025-12-17T13:12:54","slug":"2-microlote-gratidao","status":"publish","type":"product","link":"https:\/\/pedebreu.com.br\/loja\/produto\/2-microlote-gratidao\/","title":{"rendered":"2 Microlote GRATID\u00c3O"},"content":{"rendered":"<p><strong>02 Pacote 250g de Caf\u00e9 Especial | MICROLOTE Gratid\u00e3o:<br \/>\n<\/strong>Delicioso Passas de Catua\u00ed Vermelho do Talh\u00e3o 5 1350m alt.<br \/>\nBoa Do\u00e7ura de Frutas Vermelhas \/ Uva Passas e Am\u00eandoas \/ Chocolate Ao Leite \/ Suave Acidez<strong><br \/>\n<\/strong><\/p>\n","protected":false},"excerpt":{"rendered":"<p><strong>02 Pacote 250g de Caf\u00e9 Especial | MICROLOTE Gratid\u00e3o:<br \/>\n<\/strong>Delicioso Passas de Catua\u00ed Vermelho do Talh\u00e3o 5 1350m alt.<br \/>\nBoa Do\u00e7ura de Frutas Vermelhas \/ Uva Passas e Am\u00eandoas \/ Chocolate Ao Leite \/ Suave Acidez<\/p>\n","protected":false},"featured_media":4583,"comment_status":"open","ping_status":"closed","template":"","meta":[],"product_brand":[],"product_cat":[79,108,28],"product_tag":[22],"class_list":{"0":"post-4584","1":"product","2":"type-product","3":"status-publish","4":"has-post-thumbnail","6":"product_cat-especial","7":"product_cat-frete-economico","8":"product_cat-micro-lote","9":"product_tag-gratidao","11":"first","12":"instock","13":"featured","14":"taxable","15":"shipping-taxable","16":"purchasable","17":"product-type-variable","18":"add-to-wishlist-after_add_to_cart"},"_links":{"self":[{"href":"https:\/\/pedebreu.com.br\/loja\/wp-json\/wp\/v2\/product\/4584","targetHints":{"allow":["GET"]}}],"collection":[{"href":"https:\/\/pedebreu.com.br\/loja\/wp-json\/wp\/v2\/product"}],"about":[{"href":"https:\/\/pedebreu.com.br\/loja\/wp-json\/wp\/v2\/types\/product"}],"replies":[{"embeddable":true,"href":"https:\/\/pedebreu.com.br\/loja\/wp-json\/wp\/v2\/comments?post=4584"}],"wp:featuredmedia":[{"embeddable":true,"href":"https:\/\/pedebreu.com.br\/loja\/wp-json\/wp\/v2\/media\/4583"}],"wp:attachment":[{"href":"https:\/\/pedebreu.com.br\/loja\/wp-json\/wp\/v2\/media?parent=4584"}],"wp:term":[{"taxonomy":"product_brand","embeddable":true,"href":"https:\/\/pedebreu.com.br\/loja\/wp-json\/wp\/v2\/product_brand?post=4584"},{"taxonomy":"product_cat","embeddable":true,"href":"https:\/\/pedebreu.com.br\/loja\/wp-json\/wp\/v2\/product_cat?post=4584"},{"taxonomy":"product_tag","embeddable":true,"href":"https:\/\/pedebreu.com.br\/loja\/wp-json\/wp\/v2\/product_tag?post=4584"}],"curies":[{"name":"wp","href":"https:\/\/api.w.org\/{rel}","templated":true}]}}