{"id":4293,"date":"2024-11-28T09:51:54","date_gmt":"2024-11-28T12:51:54","guid":{"rendered":"https:\/\/pedebreu.com.br\/loja\/?post_type=product&#038;p=4293"},"modified":"2026-03-23T21:22:09","modified_gmt":"2026-03-24T00:22:09","slug":"nano-lote-amoras-silvestre","status":"publish","type":"product","link":"https:\/\/pedebreu.com.br\/loja\/produto\/nano-lote-amoras-silvestre\/","title":{"rendered":"NANO LOTE AMORAS SILVESTRES 150g"},"content":{"rendered":"<p><strong>Pacote \/ Lata 150g de Caf\u00e9 Especial | NANO LOTE AMORAS SILVESTRES:<\/strong><br \/>\nExplos\u00e3o de Aromas &amp; Sabores oriundos de Fermenta\u00e7\u00e3o Anaer\u00f3bica com Corpo Pronunciado , Alta Do\u00e7ura Prazerosa e um Prolongado Retrogosto com acidez das Amoras Silvestres.<\/p>\n","protected":false},"excerpt":{"rendered":"<p><strong>Pacote \/ Lata 150g de Caf\u00e9 Especial | NANO LOTE AMORAS SILVESTRES:<\/strong><br \/>\nExplos\u00e3o de Aromas &amp; Sabores oriundos de Fermenta\u00e7\u00e3o Anaer\u00f3bica com Corpo Pronunciado , Alta Do\u00e7ura Prazerosa e um Prolongado Retrogosto com acidez das Amoras Silvestres.<\/p>\n","protected":false},"featured_media":4689,"comment_status":"open","ping_status":"closed","template":"","meta":[],"product_brand":[],"product_cat":[79,185],"product_tag":[24,183],"class_list":{"0":"post-4293","1":"product","2":"type-product","3":"status-publish","4":"has-post-thumbnail","6":"product_cat-especial","7":"product_cat-nano-lote","8":"product_tag-amoras-silvestres","9":"product_tag-nano-lote","11":"first","12":"instock","13":"taxable","14":"shipping-taxable","15":"purchasable","16":"product-type-variable","17":"add-to-wishlist-after_add_to_cart"},"_links":{"self":[{"href":"https:\/\/pedebreu.com.br\/loja\/wp-json\/wp\/v2\/product\/4293","targetHints":{"allow":["GET"]}}],"collection":[{"href":"https:\/\/pedebreu.com.br\/loja\/wp-json\/wp\/v2\/product"}],"about":[{"href":"https:\/\/pedebreu.com.br\/loja\/wp-json\/wp\/v2\/types\/product"}],"replies":[{"embeddable":true,"href":"https:\/\/pedebreu.com.br\/loja\/wp-json\/wp\/v2\/comments?post=4293"}],"wp:featuredmedia":[{"embeddable":true,"href":"https:\/\/pedebreu.com.br\/loja\/wp-json\/wp\/v2\/media\/4689"}],"wp:attachment":[{"href":"https:\/\/pedebreu.com.br\/loja\/wp-json\/wp\/v2\/media?parent=4293"}],"wp:term":[{"taxonomy":"product_brand","embeddable":true,"href":"https:\/\/pedebreu.com.br\/loja\/wp-json\/wp\/v2\/product_brand?post=4293"},{"taxonomy":"product_cat","embeddable":true,"href":"https:\/\/pedebreu.com.br\/loja\/wp-json\/wp\/v2\/product_cat?post=4293"},{"taxonomy":"product_tag","embeddable":true,"href":"https:\/\/pedebreu.com.br\/loja\/wp-json\/wp\/v2\/product_tag?post=4293"}],"curies":[{"name":"wp","href":"https:\/\/api.w.org\/{rel}","templated":true}]}}