{"id":4157,"date":"2023-11-13T10:51:37","date_gmt":"2023-11-13T13:51:37","guid":{"rendered":"https:\/\/pedebreu.com.br\/loja\/?post_type=product&#038;p=4157"},"modified":"2026-02-18T19:23:03","modified_gmt":"2026-02-18T22:23:03","slug":"2-nano-lote-arara-2","status":"publish","type":"product","link":"https:\/\/pedebreu.com.br\/loja\/produto\/2-nano-lote-arara-2\/","title":{"rendered":"3 NANO LOTE ARARA"},"content":{"rendered":"<p><strong>3 Pacote 150g de Caf\u00e9 Especial | NANO LOTE ARARA:<\/strong><\/p>\n<p>Do\u00e7ura Marcante de Baunilha , Agrad\u00e1vel Corpo Licoroso com Finaliza\u00e7\u00e3o Frutado e Anis.<\/p>\n","protected":false},"excerpt":{"rendered":"<p><strong>3 Pacote 150g de Caf\u00e9 Especial | NANO LOTE ARARA:<\/strong><\/p>\n<p>Do\u00e7ura Marcante de Baunilha , Agrad\u00e1vel Corpo Licoroso com Finaliza\u00e7\u00e3o Frutado e Anis.<\/p>\n","protected":false},"featured_media":4452,"comment_status":"open","ping_status":"closed","template":"","meta":[],"product_brand":[],"product_cat":[79,108,107,28],"product_tag":[167],"class_list":{"0":"post-4157","1":"product","2":"type-product","3":"status-publish","4":"has-post-thumbnail","6":"product_cat-especial","7":"product_cat-frete-economico","8":"product_cat-mais-vendido","9":"product_cat-micro-lote","10":"product_tag-nano-lote-arara","12":"first","13":"instock","14":"featured","15":"taxable","16":"shipping-taxable","17":"purchasable","18":"product-type-variable","19":"add-to-wishlist-after_add_to_cart"},"_links":{"self":[{"href":"https:\/\/pedebreu.com.br\/loja\/wp-json\/wp\/v2\/product\/4157","targetHints":{"allow":["GET"]}}],"collection":[{"href":"https:\/\/pedebreu.com.br\/loja\/wp-json\/wp\/v2\/product"}],"about":[{"href":"https:\/\/pedebreu.com.br\/loja\/wp-json\/wp\/v2\/types\/product"}],"replies":[{"embeddable":true,"href":"https:\/\/pedebreu.com.br\/loja\/wp-json\/wp\/v2\/comments?post=4157"}],"wp:featuredmedia":[{"embeddable":true,"href":"https:\/\/pedebreu.com.br\/loja\/wp-json\/wp\/v2\/media\/4452"}],"wp:attachment":[{"href":"https:\/\/pedebreu.com.br\/loja\/wp-json\/wp\/v2\/media?parent=4157"}],"wp:term":[{"taxonomy":"product_brand","embeddable":true,"href":"https:\/\/pedebreu.com.br\/loja\/wp-json\/wp\/v2\/product_brand?post=4157"},{"taxonomy":"product_cat","embeddable":true,"href":"https:\/\/pedebreu.com.br\/loja\/wp-json\/wp\/v2\/product_cat?post=4157"},{"taxonomy":"product_tag","embeddable":true,"href":"https:\/\/pedebreu.com.br\/loja\/wp-json\/wp\/v2\/product_tag?post=4157"}],"curies":[{"name":"wp","href":"https:\/\/api.w.org\/{rel}","templated":true}]}}