{"id":4154,"date":"2023-11-13T10:36:15","date_gmt":"2023-11-13T13:36:15","guid":{"rendered":"https:\/\/pedebreu.com.br\/loja\/?post_type=product&#038;p=4154"},"modified":"2026-02-18T19:21:56","modified_gmt":"2026-02-18T22:21:56","slug":"2-nano-lote-arara","status":"publish","type":"product","link":"https:\/\/pedebreu.com.br\/loja\/produto\/2-nano-lote-arara\/","title":{"rendered":"2 NANO LOTE ARARA"},"content":{"rendered":"<p><strong>2 Pacote 150g de Caf\u00e9 Especial | NANO LOTE ARARA:<\/strong><\/p>\n<p>Do\u00e7ura Marcante de Baunilha , Agrad\u00e1vel Corpo Licoroso com Finaliza\u00e7\u00e3o Frutado e Anis.<\/p>\n","protected":false},"excerpt":{"rendered":"<p><strong>2 Pacote 150g de Caf\u00e9 Especial | NANO LOTE ARARA:<\/strong><\/p>\n<p>Do\u00e7ura Marcante de Baunilha , Agrad\u00e1vel Corpo Licoroso com Finaliza\u00e7\u00e3o Frutado e Anis.<\/p>\n","protected":false},"featured_media":4452,"comment_status":"open","ping_status":"closed","template":"","meta":[],"product_brand":[],"product_cat":[79,108,107,28],"product_tag":[167],"class_list":{"0":"post-4154","1":"product","2":"type-product","3":"status-publish","4":"has-post-thumbnail","6":"product_cat-especial","7":"product_cat-frete-economico","8":"product_cat-mais-vendido","9":"product_cat-micro-lote","10":"product_tag-nano-lote-arara","12":"first","13":"instock","14":"featured","15":"taxable","16":"shipping-taxable","17":"purchasable","18":"product-type-variable","19":"add-to-wishlist-after_add_to_cart"},"_links":{"self":[{"href":"https:\/\/pedebreu.com.br\/loja\/wp-json\/wp\/v2\/product\/4154","targetHints":{"allow":["GET"]}}],"collection":[{"href":"https:\/\/pedebreu.com.br\/loja\/wp-json\/wp\/v2\/product"}],"about":[{"href":"https:\/\/pedebreu.com.br\/loja\/wp-json\/wp\/v2\/types\/product"}],"replies":[{"embeddable":true,"href":"https:\/\/pedebreu.com.br\/loja\/wp-json\/wp\/v2\/comments?post=4154"}],"wp:featuredmedia":[{"embeddable":true,"href":"https:\/\/pedebreu.com.br\/loja\/wp-json\/wp\/v2\/media\/4452"}],"wp:attachment":[{"href":"https:\/\/pedebreu.com.br\/loja\/wp-json\/wp\/v2\/media?parent=4154"}],"wp:term":[{"taxonomy":"product_brand","embeddable":true,"href":"https:\/\/pedebreu.com.br\/loja\/wp-json\/wp\/v2\/product_brand?post=4154"},{"taxonomy":"product_cat","embeddable":true,"href":"https:\/\/pedebreu.com.br\/loja\/wp-json\/wp\/v2\/product_cat?post=4154"},{"taxonomy":"product_tag","embeddable":true,"href":"https:\/\/pedebreu.com.br\/loja\/wp-json\/wp\/v2\/product_tag?post=4154"}],"curies":[{"name":"wp","href":"https:\/\/api.w.org\/{rel}","templated":true}]}}