{"id":4054,"date":"2023-10-19T16:44:02","date_gmt":"2023-10-19T19:44:02","guid":{"rendered":"https:\/\/pedebreu.com.br\/loja\/?post_type=product&#038;p=4054"},"modified":"2025-09-09T13:50:16","modified_gmt":"2025-09-09T16:50:16","slug":"2-microlote-mansidao","status":"publish","type":"product","link":"https:\/\/pedebreu.com.br\/loja\/produto\/2-microlote-mansidao\/","title":{"rendered":"2 Microlote MANSID\u00c3O"},"content":{"rendered":"<p><strong>02 <\/strong><strong>Pacote 250g de Caf\u00e9 Especial | MICROLOTE Mansid\u00e3o:<br \/>\n<\/strong>Passas Catua\u00ed Vermelho 1200m alt. com \u00d3tima Do\u00e7ura e Notas de Nozes \/ Am\u00eandoas, Corpo Achocolatado &#8211; Retrogosto Prazeroso e Baixa Acidez<\/p>\n","protected":false},"excerpt":{"rendered":"<p><strong>02 <\/strong><strong>Pacote 250g de Caf\u00e9 Especial | MICROLOTE Mansid\u00e3o:<br \/>\n<\/strong>Passas Catua\u00ed Vermelho 1200m alt. com \u00d3tima Do\u00e7ura e Notas de Nozes \/ Am\u00eandoas, Corpo Achocolatado &#8211; Retrogosto Prazeroso e Baixa Acidez<\/p>\n","protected":false},"featured_media":4061,"comment_status":"open","ping_status":"closed","template":"","meta":[],"product_brand":[],"product_cat":[79,108,28],"product_tag":[25],"class_list":{"0":"post-4054","1":"product","2":"type-product","3":"status-publish","4":"has-post-thumbnail","6":"product_cat-especial","7":"product_cat-frete-economico","8":"product_cat-micro-lote","9":"product_tag-mansidao","11":"first","12":"instock","13":"featured","14":"taxable","15":"shipping-taxable","16":"purchasable","17":"product-type-variable","18":"add-to-wishlist-after_add_to_cart"},"_links":{"self":[{"href":"https:\/\/pedebreu.com.br\/loja\/wp-json\/wp\/v2\/product\/4054","targetHints":{"allow":["GET"]}}],"collection":[{"href":"https:\/\/pedebreu.com.br\/loja\/wp-json\/wp\/v2\/product"}],"about":[{"href":"https:\/\/pedebreu.com.br\/loja\/wp-json\/wp\/v2\/types\/product"}],"replies":[{"embeddable":true,"href":"https:\/\/pedebreu.com.br\/loja\/wp-json\/wp\/v2\/comments?post=4054"}],"wp:featuredmedia":[{"embeddable":true,"href":"https:\/\/pedebreu.com.br\/loja\/wp-json\/wp\/v2\/media\/4061"}],"wp:attachment":[{"href":"https:\/\/pedebreu.com.br\/loja\/wp-json\/wp\/v2\/media?parent=4054"}],"wp:term":[{"taxonomy":"product_brand","embeddable":true,"href":"https:\/\/pedebreu.com.br\/loja\/wp-json\/wp\/v2\/product_brand?post=4054"},{"taxonomy":"product_cat","embeddable":true,"href":"https:\/\/pedebreu.com.br\/loja\/wp-json\/wp\/v2\/product_cat?post=4054"},{"taxonomy":"product_tag","embeddable":true,"href":"https:\/\/pedebreu.com.br\/loja\/wp-json\/wp\/v2\/product_tag?post=4054"}],"curies":[{"name":"wp","href":"https:\/\/api.w.org\/{rel}","templated":true}]}}