{"id":4051,"date":"2023-10-19T16:39:54","date_gmt":"2023-10-19T19:39:54","guid":{"rendered":"https:\/\/pedebreu.com.br\/loja\/?post_type=product&#038;p=4051"},"modified":"2026-03-10T07:31:49","modified_gmt":"2026-03-10T10:31:49","slug":"microlote-mansidao","status":"publish","type":"product","link":"https:\/\/pedebreu.com.br\/loja\/produto\/microlote-mansidao\/","title":{"rendered":"Microlote MANSID\u00c3O"},"content":{"rendered":"<p><strong>Pacote 250g de Caf\u00e9 Especial | MICROLOTE Mansid\u00e3o:<br \/>\n<\/strong>Passas Catua\u00ed Vermelho 1200m alt. com \u00d3tima Do\u00e7ura e Notas de Nozes \/ Am\u00eandoas, Corpo Achocolatado &#8211; Retrogosto Prazeroso e Baixa Acidez<\/p>\n","protected":false},"excerpt":{"rendered":"<p><strong>Pacote 250g de Caf\u00e9 Especial | MICROLOTE Mansid\u00e3o:<br \/>\n<\/strong>Passas Catua\u00ed Vermelho 1200m alt. com \u00d3tima Do\u00e7ura e Notas de Nozes \/ Am\u00eandoas, Corpo Achocolatado &#8211; Retrogosto Prazeroso e Baixa Acidez<\/p>\n","protected":false},"featured_media":4061,"comment_status":"open","ping_status":"closed","template":"","meta":[],"product_brand":[],"product_cat":[79,28],"product_tag":[25],"class_list":{"0":"post-4051","1":"product","2":"type-product","3":"status-publish","4":"has-post-thumbnail","6":"product_cat-especial","7":"product_cat-micro-lote","8":"product_tag-mansidao","10":"first","11":"instock","12":"taxable","13":"shipping-taxable","14":"purchasable","15":"product-type-variable","16":"add-to-wishlist-after_add_to_cart"},"_links":{"self":[{"href":"https:\/\/pedebreu.com.br\/loja\/wp-json\/wp\/v2\/product\/4051","targetHints":{"allow":["GET"]}}],"collection":[{"href":"https:\/\/pedebreu.com.br\/loja\/wp-json\/wp\/v2\/product"}],"about":[{"href":"https:\/\/pedebreu.com.br\/loja\/wp-json\/wp\/v2\/types\/product"}],"replies":[{"embeddable":true,"href":"https:\/\/pedebreu.com.br\/loja\/wp-json\/wp\/v2\/comments?post=4051"}],"wp:featuredmedia":[{"embeddable":true,"href":"https:\/\/pedebreu.com.br\/loja\/wp-json\/wp\/v2\/media\/4061"}],"wp:attachment":[{"href":"https:\/\/pedebreu.com.br\/loja\/wp-json\/wp\/v2\/media?parent=4051"}],"wp:term":[{"taxonomy":"product_brand","embeddable":true,"href":"https:\/\/pedebreu.com.br\/loja\/wp-json\/wp\/v2\/product_brand?post=4051"},{"taxonomy":"product_cat","embeddable":true,"href":"https:\/\/pedebreu.com.br\/loja\/wp-json\/wp\/v2\/product_cat?post=4051"},{"taxonomy":"product_tag","embeddable":true,"href":"https:\/\/pedebreu.com.br\/loja\/wp-json\/wp\/v2\/product_tag?post=4051"}],"curies":[{"name":"wp","href":"https:\/\/api.w.org\/{rel}","templated":true}]}}