{"id":4048,"date":"2023-10-19T16:34:00","date_gmt":"2023-10-19T19:34:00","guid":{"rendered":"https:\/\/pedebreu.com.br\/loja\/?post_type=product&#038;p=4048"},"modified":"2025-11-18T20:25:29","modified_gmt":"2025-11-18T23:25:29","slug":"3-micro-lote-amor","status":"publish","type":"product","link":"https:\/\/pedebreu.com.br\/loja\/produto\/3-micro-lote-amor\/","title":{"rendered":"3 Micro Lote AMOR"},"content":{"rendered":"<p><strong>3 <\/strong><strong>Pacote 250g de Caf\u00e9 Especial | Microlote Amor:<\/strong><\/p>\n<p>Catuai Vermelho 1350m alt. &#8211; Alta Do\u00e7ura, Aroma Garapa (Cana de A\u00e7\u00facar), Notas de Frutas Vermelhas (Framboesa) com Acidez Prazerosa e Retrogosto Levemente C\u00edtrico, Corpo Bem Licoroso Caramelado<\/p>\n","protected":false},"excerpt":{"rendered":"<p><strong>3 <\/strong><strong>Pacote 250g de Caf\u00e9 Especial | Microlote Amor:<\/strong><\/p>\n<p>Catuai Vermelho 1350m alt. &#8211; Alta Do\u00e7ura, Aroma Garapa (Cana de A\u00e7\u00facar), Notas de Frutas Vermelhas (Framboesa) com Acidez Prazerosa e Retrogosto Levemente C\u00edtrico, Corpo Bem Licoroso Caramelado<\/p>\n","protected":false},"featured_media":2175,"comment_status":"open","ping_status":"closed","template":"","meta":[],"product_brand":[],"product_cat":[79,108,107,28],"product_tag":[21],"class_list":{"0":"post-4048","1":"product","2":"type-product","3":"status-publish","4":"has-post-thumbnail","6":"product_cat-especial","7":"product_cat-frete-economico","8":"product_cat-mais-vendido","9":"product_cat-micro-lote","10":"product_tag-amor","12":"first","13":"instock","14":"featured","15":"taxable","16":"shipping-taxable","17":"purchasable","18":"product-type-variable","19":"add-to-wishlist-after_add_to_cart"},"_links":{"self":[{"href":"https:\/\/pedebreu.com.br\/loja\/wp-json\/wp\/v2\/product\/4048","targetHints":{"allow":["GET"]}}],"collection":[{"href":"https:\/\/pedebreu.com.br\/loja\/wp-json\/wp\/v2\/product"}],"about":[{"href":"https:\/\/pedebreu.com.br\/loja\/wp-json\/wp\/v2\/types\/product"}],"replies":[{"embeddable":true,"href":"https:\/\/pedebreu.com.br\/loja\/wp-json\/wp\/v2\/comments?post=4048"}],"wp:featuredmedia":[{"embeddable":true,"href":"https:\/\/pedebreu.com.br\/loja\/wp-json\/wp\/v2\/media\/2175"}],"wp:attachment":[{"href":"https:\/\/pedebreu.com.br\/loja\/wp-json\/wp\/v2\/media?parent=4048"}],"wp:term":[{"taxonomy":"product_brand","embeddable":true,"href":"https:\/\/pedebreu.com.br\/loja\/wp-json\/wp\/v2\/product_brand?post=4048"},{"taxonomy":"product_cat","embeddable":true,"href":"https:\/\/pedebreu.com.br\/loja\/wp-json\/wp\/v2\/product_cat?post=4048"},{"taxonomy":"product_tag","embeddable":true,"href":"https:\/\/pedebreu.com.br\/loja\/wp-json\/wp\/v2\/product_tag?post=4048"}],"curies":[{"name":"wp","href":"https:\/\/api.w.org\/{rel}","templated":true}]}}