{"id":4042,"date":"2023-10-19T16:21:26","date_gmt":"2023-10-19T19:21:26","guid":{"rendered":"https:\/\/pedebreu.com.br\/loja\/?post_type=product&#038;p=4042"},"modified":"2026-03-10T07:31:49","modified_gmt":"2026-03-10T10:31:49","slug":"microlote-amor","status":"publish","type":"product","link":"https:\/\/pedebreu.com.br\/loja\/produto\/microlote-amor\/","title":{"rendered":"Microlote AMOR"},"content":{"rendered":"<p><strong>Pacote 250g de Caf\u00e9 Especial | Microlote Amor:<\/strong><\/p>\n<p>Catuai Vermelho 1350m alt. &#8211; Alta Do\u00e7ura, Aroma Garapa (Cana de A\u00e7\u00facar), Notas de Frutas Vermelhas (Framboesa) com Acidez Prazerosa e Retrogosto Levemente C\u00edtrico, Corpo Bem Licoroso Caramelado<\/p>\n","protected":false},"excerpt":{"rendered":"<p><strong>Pacote 250g de Caf\u00e9 Especial | Microlote Amor:<\/strong><\/p>\n<p>Catuai Vermelho 1350m alt. &#8211; Alta Do\u00e7ura, Aroma Garapa (Cana de A\u00e7\u00facar), Notas de Frutas Vermelhas (Framboesa) com Acidez Prazerosa e Retrogosto Levemente C\u00edtrico, Corpo Bem Licoroso Caramelado<\/p>\n","protected":false},"featured_media":2175,"comment_status":"open","ping_status":"closed","template":"","meta":[],"product_brand":[],"product_cat":[79,28],"product_tag":[21],"class_list":{"0":"post-4042","1":"product","2":"type-product","3":"status-publish","4":"has-post-thumbnail","6":"product_cat-especial","7":"product_cat-micro-lote","8":"product_tag-amor","10":"first","11":"instock","12":"taxable","13":"shipping-taxable","14":"purchasable","15":"product-type-variable","16":"add-to-wishlist-after_add_to_cart"},"_links":{"self":[{"href":"https:\/\/pedebreu.com.br\/loja\/wp-json\/wp\/v2\/product\/4042","targetHints":{"allow":["GET"]}}],"collection":[{"href":"https:\/\/pedebreu.com.br\/loja\/wp-json\/wp\/v2\/product"}],"about":[{"href":"https:\/\/pedebreu.com.br\/loja\/wp-json\/wp\/v2\/types\/product"}],"replies":[{"embeddable":true,"href":"https:\/\/pedebreu.com.br\/loja\/wp-json\/wp\/v2\/comments?post=4042"}],"wp:featuredmedia":[{"embeddable":true,"href":"https:\/\/pedebreu.com.br\/loja\/wp-json\/wp\/v2\/media\/2175"}],"wp:attachment":[{"href":"https:\/\/pedebreu.com.br\/loja\/wp-json\/wp\/v2\/media?parent=4042"}],"wp:term":[{"taxonomy":"product_brand","embeddable":true,"href":"https:\/\/pedebreu.com.br\/loja\/wp-json\/wp\/v2\/product_brand?post=4042"},{"taxonomy":"product_cat","embeddable":true,"href":"https:\/\/pedebreu.com.br\/loja\/wp-json\/wp\/v2\/product_cat?post=4042"},{"taxonomy":"product_tag","embeddable":true,"href":"https:\/\/pedebreu.com.br\/loja\/wp-json\/wp\/v2\/product_tag?post=4042"}],"curies":[{"name":"wp","href":"https:\/\/api.w.org\/{rel}","templated":true}]}}