{"id":3676,"date":"2023-06-16T19:07:01","date_gmt":"2023-06-16T22:07:01","guid":{"rendered":"https:\/\/pedebreu.com.br\/loja\/?post_type=product&#038;p=3676"},"modified":"2026-02-18T19:26:05","modified_gmt":"2026-02-18T22:26:05","slug":"3-microlote-honey-abelhas","status":"publish","type":"product","link":"https:\/\/pedebreu.com.br\/loja\/produto\/3-microlote-honey-abelhas\/","title":{"rendered":"3 Microlote Honey Abelhas"},"content":{"rendered":"<p><strong>3 Pacote 250g de Caf\u00e9 Especial | MICROLOTE Honey Abelhas:<br \/>\n<\/strong>Black Honey de Catua\u00ed Vermelho Aroma Doce \/ Alta Do\u00e7ura de A\u00e7\u00facar Mascavo \/ Corpo Pronunciado e Marcante \/ Caramelo\/ Garapa \/ Rom\u00e3\/ Acidez Equilibrada\/Retrogosto persistente Noz-Moscada<\/p>\n","protected":false},"excerpt":{"rendered":"<p><strong>3 Pcts Caf\u00e9 Especial do S\u00edtio P\u00e9 de Breu | Sem Agrot\u00f3xicos<br \/>\n<\/strong>Black Honey de Catua\u00ed Vermelho Aroma Doce \/ Alta Do\u00e7ura de A\u00e7\u00facar Mascavo \/ Corpo Pronunciado e Marcante \/ Caramelo\/ Garapa \/ Rom\u00e3\/ Acidez Equilibrada\/Retrogosto persistente Noz-Moscada<\/p>\n<p>&nbsp;<\/p>\n","protected":false},"featured_media":4622,"comment_status":"open","ping_status":"closed","template":"","meta":[],"product_brand":[],"product_cat":[79,108,107,28],"product_tag":[110],"class_list":{"0":"post-3676","1":"product","2":"type-product","3":"status-publish","4":"has-post-thumbnail","6":"product_cat-especial","7":"product_cat-frete-economico","8":"product_cat-mais-vendido","9":"product_cat-micro-lote","10":"product_tag-honey-abelhas","12":"first","13":"instock","14":"featured","15":"taxable","16":"shipping-taxable","17":"purchasable","18":"product-type-variable","19":"add-to-wishlist-after_add_to_cart"},"_links":{"self":[{"href":"https:\/\/pedebreu.com.br\/loja\/wp-json\/wp\/v2\/product\/3676","targetHints":{"allow":["GET"]}}],"collection":[{"href":"https:\/\/pedebreu.com.br\/loja\/wp-json\/wp\/v2\/product"}],"about":[{"href":"https:\/\/pedebreu.com.br\/loja\/wp-json\/wp\/v2\/types\/product"}],"replies":[{"embeddable":true,"href":"https:\/\/pedebreu.com.br\/loja\/wp-json\/wp\/v2\/comments?post=3676"}],"wp:featuredmedia":[{"embeddable":true,"href":"https:\/\/pedebreu.com.br\/loja\/wp-json\/wp\/v2\/media\/4622"}],"wp:attachment":[{"href":"https:\/\/pedebreu.com.br\/loja\/wp-json\/wp\/v2\/media?parent=3676"}],"wp:term":[{"taxonomy":"product_brand","embeddable":true,"href":"https:\/\/pedebreu.com.br\/loja\/wp-json\/wp\/v2\/product_brand?post=3676"},{"taxonomy":"product_cat","embeddable":true,"href":"https:\/\/pedebreu.com.br\/loja\/wp-json\/wp\/v2\/product_cat?post=3676"},{"taxonomy":"product_tag","embeddable":true,"href":"https:\/\/pedebreu.com.br\/loja\/wp-json\/wp\/v2\/product_tag?post=3676"}],"curies":[{"name":"wp","href":"https:\/\/api.w.org\/{rel}","templated":true}]}}