{"id":341,"date":"2021-05-02T15:15:47","date_gmt":"2021-05-02T18:15:47","guid":{"rendered":"https:\/\/pedebreu.com.br\/loja\/?post_type=product&#038;p=341"},"modified":"2026-02-01T09:03:59","modified_gmt":"2026-02-01T12:03:59","slug":"microlote-cafe-moca","status":"publish","type":"product","link":"https:\/\/pedebreu.com.br\/loja\/produto\/microlote-cafe-moca\/","title":{"rendered":"Microlote Caf\u00e9 MOCA"},"content":{"rendered":"<p>Microlote Caf\u00e9 MOCA ou MOKA &#8211; Novo Micro Lote na \u00c1rea!<br \/>\nPacote de 250g de caf\u00e9 especial, gr\u00e3os moquinha.<\/p>\n<p>Alta Concentra\u00e7\u00e3o de Do\u00e7ura, Notas de Castanhas, Copo Destacado, Suave Acidez e Retro gosto com Persistente Caramelo.<br \/>\nE vc j\u00e1 sabe CERTIFICADO LIVRE DE AGROT\u00d3XICOS.<br \/>\nGr\u00e3o Moca nomeia se devido \u00e0 sua cidade de origem. Mocha, na costa do Mar Vermelho, no pa\u00eds I\u00eamen, importante regi\u00e3o exportadora de caf\u00e9 no s\u00e9culo XV.<\/p>\n<p>No fruto tradicional de caf\u00e9 ar\u00e1bica temos duas sementes achatadas, o Moca, por uma anomalia, possui apenas uma semente ocupando o fruto.<br \/>\nResultando num gr\u00e3o mais arredondado, segundo estudos cient\u00edficos, \u00e9 resultado de fatores gen\u00e9ticos e condi\u00e7\u00f5es ambientais.<\/p>\n","protected":false},"excerpt":{"rendered":"<p>Pacote de 250g de caf\u00e9 especial<br \/>\nGr\u00e3os moca, moka ou moquinha:<br \/>\n*Do\u00e7ura Marcante com corpo Achocolatado e Acidez Suave<\/p>\n","protected":false},"featured_media":3567,"comment_status":"open","ping_status":"closed","template":"","meta":[],"product_brand":[],"product_cat":[79],"product_tag":[29],"class_list":{"0":"post-341","1":"product","2":"type-product","3":"status-publish","4":"has-post-thumbnail","6":"product_cat-especial","7":"product_tag-moca","9":"first","10":"instock","11":"taxable","12":"shipping-taxable","13":"purchasable","14":"product-type-variable","15":"add-to-wishlist-after_add_to_cart"},"_links":{"self":[{"href":"https:\/\/pedebreu.com.br\/loja\/wp-json\/wp\/v2\/product\/341","targetHints":{"allow":["GET"]}}],"collection":[{"href":"https:\/\/pedebreu.com.br\/loja\/wp-json\/wp\/v2\/product"}],"about":[{"href":"https:\/\/pedebreu.com.br\/loja\/wp-json\/wp\/v2\/types\/product"}],"replies":[{"embeddable":true,"href":"https:\/\/pedebreu.com.br\/loja\/wp-json\/wp\/v2\/comments?post=341"}],"wp:featuredmedia":[{"embeddable":true,"href":"https:\/\/pedebreu.com.br\/loja\/wp-json\/wp\/v2\/media\/3567"}],"wp:attachment":[{"href":"https:\/\/pedebreu.com.br\/loja\/wp-json\/wp\/v2\/media?parent=341"}],"wp:term":[{"taxonomy":"product_brand","embeddable":true,"href":"https:\/\/pedebreu.com.br\/loja\/wp-json\/wp\/v2\/product_brand?post=341"},{"taxonomy":"product_cat","embeddable":true,"href":"https:\/\/pedebreu.com.br\/loja\/wp-json\/wp\/v2\/product_cat?post=341"},{"taxonomy":"product_tag","embeddable":true,"href":"https:\/\/pedebreu.com.br\/loja\/wp-json\/wp\/v2\/product_tag?post=341"}],"curies":[{"name":"wp","href":"https:\/\/api.w.org\/{rel}","templated":true}]}}