{"id":3312,"date":"2023-06-16T07:08:17","date_gmt":"2023-06-16T10:08:17","guid":{"rendered":"https:\/\/pedebreu.com.br\/loja\/?post_type=product&#038;p=3312"},"modified":"2026-03-01T11:20:55","modified_gmt":"2026-03-01T14:20:55","slug":"microlote-honey-abelhas","status":"publish","type":"product","link":"https:\/\/pedebreu.com.br\/loja\/produto\/microlote-honey-abelhas\/","title":{"rendered":"Microlote Honey Abelhas"},"content":{"rendered":"<p><strong>Pacote 250g de Caf\u00e9 Especial | MICROLOTE Honey Abelhas:<br \/>\n<\/strong>Black Honey de Catua\u00ed Vermelho Aroma Doce \/ Alta Do\u00e7ura de A\u00e7\u00facar Mascavo \/ Corpo Pronunciado e Marcante \/ Caramelo\/ Garapa \/ Rom\u00e3\/ Acidez Equilibrada\/Retrogosto persistente Noz-Moscada<\/p>\n","protected":false},"excerpt":{"rendered":"<p><strong>Caf\u00e9 Especial do S\u00edtio P\u00e9 de Breu | Sem Agrot\u00f3xicos<br \/>\n<\/strong><\/p>\n<p>Black Honey de Catua\u00ed Vermelho Aroma Doce \/ Alta Do\u00e7ura de A\u00e7\u00facar Mascavo \/ Corpo Pronunciado e Marcante \/ Caramelo\/ Garapa \/ Rom\u00e3\/ Acidez Equilibrada\/Retrogosto persistente Noz-Moscada<\/p>\n<p>&nbsp;<\/p>\n","protected":false},"featured_media":4622,"comment_status":"open","ping_status":"closed","template":"","meta":[],"product_brand":[],"product_cat":[79,28],"product_tag":[29],"class_list":{"0":"post-3312","1":"product","2":"type-product","3":"status-publish","4":"has-post-thumbnail","6":"product_cat-especial","7":"product_cat-micro-lote","8":"product_tag-moca","10":"first","11":"instock","12":"taxable","13":"shipping-taxable","14":"purchasable","15":"product-type-variable","16":"add-to-wishlist-after_add_to_cart"},"_links":{"self":[{"href":"https:\/\/pedebreu.com.br\/loja\/wp-json\/wp\/v2\/product\/3312","targetHints":{"allow":["GET"]}}],"collection":[{"href":"https:\/\/pedebreu.com.br\/loja\/wp-json\/wp\/v2\/product"}],"about":[{"href":"https:\/\/pedebreu.com.br\/loja\/wp-json\/wp\/v2\/types\/product"}],"replies":[{"embeddable":true,"href":"https:\/\/pedebreu.com.br\/loja\/wp-json\/wp\/v2\/comments?post=3312"}],"wp:featuredmedia":[{"embeddable":true,"href":"https:\/\/pedebreu.com.br\/loja\/wp-json\/wp\/v2\/media\/4622"}],"wp:attachment":[{"href":"https:\/\/pedebreu.com.br\/loja\/wp-json\/wp\/v2\/media?parent=3312"}],"wp:term":[{"taxonomy":"product_brand","embeddable":true,"href":"https:\/\/pedebreu.com.br\/loja\/wp-json\/wp\/v2\/product_brand?post=3312"},{"taxonomy":"product_cat","embeddable":true,"href":"https:\/\/pedebreu.com.br\/loja\/wp-json\/wp\/v2\/product_cat?post=3312"},{"taxonomy":"product_tag","embeddable":true,"href":"https:\/\/pedebreu.com.br\/loja\/wp-json\/wp\/v2\/product_tag?post=3312"}],"curies":[{"name":"wp","href":"https:\/\/api.w.org\/{rel}","templated":true}]}}