{"id":3309,"date":"2023-06-15T20:06:11","date_gmt":"2023-06-15T23:06:11","guid":{"rendered":"https:\/\/pedebreu.com.br\/loja\/?post_type=product&#038;p=3309"},"modified":"2026-03-10T07:31:49","modified_gmt":"2026-03-10T10:31:49","slug":"microlote-bondade","status":"publish","type":"product","link":"https:\/\/pedebreu.com.br\/loja\/produto\/microlote-bondade\/","title":{"rendered":"Microlote Bondade"},"content":{"rendered":"<p><strong>Pacote 250g de Caf\u00e9 Especial | MICROLOTE Bondade:<br \/>\n<\/strong>Catua\u00ed Amarelo 1200m alt. &#8211; Do\u00e7ura Marcante &#8211; Acidez Leve e Notas de Mel, Corpo M\u00e9dio Licoroso na marcante finaliza\u00e7\u00e3o caramelizada<\/p>\n","protected":false},"excerpt":{"rendered":"<p><strong>Pacote 250g de Caf\u00e9 Especial | MICROLOTE Bondade:<br \/>\n<\/strong>Catua\u00ed Amarelo 1200m alt. &#8211; Do\u00e7ura Marcante &#8211; Acidez Leve e Notas de Mel, Corpo M\u00e9dio Licoroso na marcante finaliza\u00e7\u00e3o caramelizada<\/p>\n","protected":false},"featured_media":2176,"comment_status":"open","ping_status":"closed","template":"","meta":[],"product_brand":[],"product_cat":[79,28],"product_tag":[29],"class_list":{"0":"post-3309","1":"product","2":"type-product","3":"status-publish","4":"has-post-thumbnail","6":"product_cat-especial","7":"product_cat-micro-lote","8":"product_tag-moca","10":"first","11":"instock","12":"taxable","13":"shipping-taxable","14":"purchasable","15":"product-type-variable","16":"add-to-wishlist-after_add_to_cart"},"_links":{"self":[{"href":"https:\/\/pedebreu.com.br\/loja\/wp-json\/wp\/v2\/product\/3309","targetHints":{"allow":["GET"]}}],"collection":[{"href":"https:\/\/pedebreu.com.br\/loja\/wp-json\/wp\/v2\/product"}],"about":[{"href":"https:\/\/pedebreu.com.br\/loja\/wp-json\/wp\/v2\/types\/product"}],"replies":[{"embeddable":true,"href":"https:\/\/pedebreu.com.br\/loja\/wp-json\/wp\/v2\/comments?post=3309"}],"wp:featuredmedia":[{"embeddable":true,"href":"https:\/\/pedebreu.com.br\/loja\/wp-json\/wp\/v2\/media\/2176"}],"wp:attachment":[{"href":"https:\/\/pedebreu.com.br\/loja\/wp-json\/wp\/v2\/media?parent=3309"}],"wp:term":[{"taxonomy":"product_brand","embeddable":true,"href":"https:\/\/pedebreu.com.br\/loja\/wp-json\/wp\/v2\/product_brand?post=3309"},{"taxonomy":"product_cat","embeddable":true,"href":"https:\/\/pedebreu.com.br\/loja\/wp-json\/wp\/v2\/product_cat?post=3309"},{"taxonomy":"product_tag","embeddable":true,"href":"https:\/\/pedebreu.com.br\/loja\/wp-json\/wp\/v2\/product_tag?post=3309"}],"curies":[{"name":"wp","href":"https:\/\/api.w.org\/{rel}","templated":true}]}}