{"id":1417,"date":"2021-05-03T11:38:20","date_gmt":"2021-05-03T14:38:20","guid":{"rendered":"https:\/\/pedebreu.com.br\/loja\/?post_type=product&#038;p=1417"},"modified":"2026-04-14T13:33:31","modified_gmt":"2026-04-14T16:33:31","slug":"cafe-premium-pe-de-breu","status":"publish","type":"product","link":"https:\/\/pedebreu.com.br\/loja\/produto\/cafe-premium-pe-de-breu\/","title":{"rendered":"Caf\u00e9 Premium P\u00e9 de Breu"},"content":{"rendered":"<p>Caf\u00e9 Premium | S\u00edtio P\u00e9 de Breu<br \/>\nPacote de 500g de caf\u00e9 <span style=\"color: #ec8c08;\"><strong>MO\u00cdDO<\/strong> <\/span>Premium | S\u00edtio P\u00e9 de Breu<br \/>\nSem Agrot\u00f3xico<br \/>\nUm\u00a0<b>caf\u00e9<\/b>\u00a0de categoria superior com a mais alta qualidade do mercado.<br \/>\nA vers\u00e3o\u00a0<b>PREMIUM<\/b>\u00a0utiliza um delicado processo para torrar os gr\u00e3os produzidos na fazenda a fim de transform\u00e1-los num saboroso e diferenciado\u00a0<b>caf\u00e9<\/b>.<\/p>\n","protected":false},"excerpt":{"rendered":"<p>Caf\u00e9 Premium | S\u00edtio P\u00e9 de Breu<br \/>\nPacote de 500g de caf\u00e9 <span style=\"color: #ec8c08;\"><strong>MO\u00cdDO<\/strong> <\/span>Premium | S\u00edtio P\u00e9 de Breu<br \/>\nSem Agrot\u00f3xico<\/p>\n","protected":false},"featured_media":4633,"comment_status":"open","ping_status":"closed","template":"","meta":[],"product_brand":[],"product_cat":[78],"product_tag":[],"class_list":{"0":"post-1417","1":"product","2":"type-product","3":"status-publish","4":"has-post-thumbnail","6":"product_cat-premium","8":"first","9":"instock","10":"taxable","11":"shipping-taxable","12":"purchasable","13":"product-type-simple","14":"add-to-wishlist-after_add_to_cart"},"_links":{"self":[{"href":"https:\/\/pedebreu.com.br\/loja\/wp-json\/wp\/v2\/product\/1417","targetHints":{"allow":["GET"]}}],"collection":[{"href":"https:\/\/pedebreu.com.br\/loja\/wp-json\/wp\/v2\/product"}],"about":[{"href":"https:\/\/pedebreu.com.br\/loja\/wp-json\/wp\/v2\/types\/product"}],"replies":[{"embeddable":true,"href":"https:\/\/pedebreu.com.br\/loja\/wp-json\/wp\/v2\/comments?post=1417"}],"wp:featuredmedia":[{"embeddable":true,"href":"https:\/\/pedebreu.com.br\/loja\/wp-json\/wp\/v2\/media\/4633"}],"wp:attachment":[{"href":"https:\/\/pedebreu.com.br\/loja\/wp-json\/wp\/v2\/media?parent=1417"}],"wp:term":[{"taxonomy":"product_brand","embeddable":true,"href":"https:\/\/pedebreu.com.br\/loja\/wp-json\/wp\/v2\/product_brand?post=1417"},{"taxonomy":"product_cat","embeddable":true,"href":"https:\/\/pedebreu.com.br\/loja\/wp-json\/wp\/v2\/product_cat?post=1417"},{"taxonomy":"product_tag","embeddable":true,"href":"https:\/\/pedebreu.com.br\/loja\/wp-json\/wp\/v2\/product_tag?post=1417"}],"curies":[{"name":"wp","href":"https:\/\/api.w.org\/{rel}","templated":true}]}}