{"id":1413,"date":"2021-05-03T11:34:26","date_gmt":"2021-05-03T14:34:26","guid":{"rendered":"https:\/\/pedebreu.com.br\/loja\/?post_type=product&#038;p=1413"},"modified":"2026-04-14T13:56:34","modified_gmt":"2026-04-14T16:56:34","slug":"cafe-superior-vo-manoel-de-breu","status":"publish","type":"product","link":"https:\/\/pedebreu.com.br\/loja\/produto\/cafe-superior-vo-manoel-de-breu\/","title":{"rendered":"Caf\u00e9 Superior V\u00f4 Manoel de Breu"},"content":{"rendered":"<p>Caf\u00e9 Superior \/ Tradicional V\u00f4 Manoel de Breu<br \/>\n1 Pacote 500g de caf\u00e9 <span style=\"color: #ec8c08;\"><strong>MO\u00cdDO<\/strong> <\/span>tradicional<br \/>\nS\u00edtio P\u00e9 de Breu | Sem Agrot\u00f3xico<\/p>\n<p>Umas das principais diferen\u00e7as entre caf\u00e9 especial e tradicional (commodity) \u00e9 a forma de manejo, pois quando se fala de caf\u00e9 tradicional falamos dos caf\u00e9s que s\u00e3o colhidos na maioria das vezes mecanizada e n\u00e3o necessariamente seletiva, isto \u00e9, \u201ctudo o que cai\u201d do cafeeiro talvez possa virar caf\u00e9 tradicional.<\/p>\n","protected":false},"excerpt":{"rendered":"<p>Caf\u00e9 Superior \/ Tradicional V\u00f4 Manoel de Breu<br \/>\nPacote 500g de caf\u00e9 <span style=\"color: #ec8c08;\"><strong>MO\u00cdDO<\/strong> <\/span>tradicional<br \/>\nS\u00edtio P\u00e9 de Breu<br \/>\nSem Agrot\u00f3xico<\/p>\n","protected":false},"featured_media":2186,"comment_status":"open","ping_status":"closed","template":"","meta":[],"product_brand":[],"product_cat":[15],"product_tag":[],"class_list":{"0":"post-1413","1":"product","2":"type-product","3":"status-publish","4":"has-post-thumbnail","6":"product_cat-drip-coffee","8":"first","9":"instock","10":"taxable","11":"shipping-taxable","12":"purchasable","13":"product-type-simple","14":"add-to-wishlist-after_add_to_cart"},"_links":{"self":[{"href":"https:\/\/pedebreu.com.br\/loja\/wp-json\/wp\/v2\/product\/1413","targetHints":{"allow":["GET"]}}],"collection":[{"href":"https:\/\/pedebreu.com.br\/loja\/wp-json\/wp\/v2\/product"}],"about":[{"href":"https:\/\/pedebreu.com.br\/loja\/wp-json\/wp\/v2\/types\/product"}],"replies":[{"embeddable":true,"href":"https:\/\/pedebreu.com.br\/loja\/wp-json\/wp\/v2\/comments?post=1413"}],"wp:featuredmedia":[{"embeddable":true,"href":"https:\/\/pedebreu.com.br\/loja\/wp-json\/wp\/v2\/media\/2186"}],"wp:attachment":[{"href":"https:\/\/pedebreu.com.br\/loja\/wp-json\/wp\/v2\/media?parent=1413"}],"wp:term":[{"taxonomy":"product_brand","embeddable":true,"href":"https:\/\/pedebreu.com.br\/loja\/wp-json\/wp\/v2\/product_brand?post=1413"},{"taxonomy":"product_cat","embeddable":true,"href":"https:\/\/pedebreu.com.br\/loja\/wp-json\/wp\/v2\/product_cat?post=1413"},{"taxonomy":"product_tag","embeddable":true,"href":"https:\/\/pedebreu.com.br\/loja\/wp-json\/wp\/v2\/product_tag?post=1413"}],"curies":[{"name":"wp","href":"https:\/\/api.w.org\/{rel}","templated":true}]}}