{"id":1376,"date":"2021-04-30T11:19:37","date_gmt":"2021-04-30T14:19:37","guid":{"rendered":"https:\/\/pedebreu.com.br\/loja\/?post_type=product&#038;p=1376"},"modified":"2026-03-09T20:00:08","modified_gmt":"2026-03-09T23:00:08","slug":"geleia-de-frutas-do-sitio","status":"publish","type":"product","link":"https:\/\/pedebreu.com.br\/loja\/produto\/geleia-de-frutas-do-sitio\/","title":{"rendered":"Geleia de Frutas do S\u00edtio"},"content":{"rendered":"<p>CONHE\u00c7A NOSSAS GELEIAS ARTESANAIS<br \/>\n<strong>Ressalva em rela\u00e7\u00e3o ao estoque sazonal \/ frutas conforme a \u00e9poca:<br \/>\nNosso invent\u00e1rio \u00e9 sujeito a mudan\u00e7as,<br \/>\nquanto aos sabores, por favor, verifique o estoque<br \/>\nantes de concluir a compra pelo WhatsApp<br \/>\nque est\u00e1 dispon\u00edvel na parte inferior desta p\u00e1gina.<br \/>\n<\/strong><\/p>\n<p>Geleia de Frutas do S\u00edtio | Sem Agrot\u00f3xicos.<br \/>\nO peso l\u00edquido em torno de 250g, com a embalagem de vidro com galeia pesa em torno de 350g total.<\/p>\n<p><strong>Escolha<\/strong> nas op\u00e7\u00f5es \u201cSabores\u201d:<\/p>\n","protected":false},"excerpt":{"rendered":"<p>CONHE\u00c7A NOSSAS GELEIAS ARTESANAIS<br \/>\n<strong>Ressalva em rela\u00e7\u00e3o ao estoque sazonal \/ frutas conforme a \u00e9poca:<br \/>\nNosso invent\u00e1rio \u00e9 sujeito a mudan\u00e7as,<br \/>\nquanto aos sabores, por favor, verifique o estoque<br \/>\nantes de concluir a compra pelo WhatsApp<br \/>\nque est\u00e1 dispon\u00edvel na parte inferior desta p\u00e1gina.<br \/>\n<\/strong><\/p>\n<p>Geleia de Frutas do S\u00edtio | Sem Agrot\u00f3xicos.<br \/>\nO peso l\u00edquido em torno de 250g, com a embalagem de vidro com galeia pesa em torno de 350g total.<\/p>\n<p><strong>Escolha<\/strong> nas op\u00e7\u00f5es \u201cSabores\u201d:<\/p>\n","protected":false},"featured_media":4097,"comment_status":"open","ping_status":"closed","template":"","meta":[],"product_brand":[],"product_cat":[54],"product_tag":[55],"class_list":{"0":"post-1376","1":"product","2":"type-product","3":"status-publish","4":"has-post-thumbnail","6":"product_cat-geleia","7":"product_tag-geleia-de-frutas","9":"first","10":"instock","11":"taxable","12":"shipping-taxable","13":"purchasable","14":"product-type-variable","15":"add-to-wishlist-after_add_to_cart"},"_links":{"self":[{"href":"https:\/\/pedebreu.com.br\/loja\/wp-json\/wp\/v2\/product\/1376","targetHints":{"allow":["GET"]}}],"collection":[{"href":"https:\/\/pedebreu.com.br\/loja\/wp-json\/wp\/v2\/product"}],"about":[{"href":"https:\/\/pedebreu.com.br\/loja\/wp-json\/wp\/v2\/types\/product"}],"replies":[{"embeddable":true,"href":"https:\/\/pedebreu.com.br\/loja\/wp-json\/wp\/v2\/comments?post=1376"}],"wp:featuredmedia":[{"embeddable":true,"href":"https:\/\/pedebreu.com.br\/loja\/wp-json\/wp\/v2\/media\/4097"}],"wp:attachment":[{"href":"https:\/\/pedebreu.com.br\/loja\/wp-json\/wp\/v2\/media?parent=1376"}],"wp:term":[{"taxonomy":"product_brand","embeddable":true,"href":"https:\/\/pedebreu.com.br\/loja\/wp-json\/wp\/v2\/product_brand?post=1376"},{"taxonomy":"product_cat","embeddable":true,"href":"https:\/\/pedebreu.com.br\/loja\/wp-json\/wp\/v2\/product_cat?post=1376"},{"taxonomy":"product_tag","embeddable":true,"href":"https:\/\/pedebreu.com.br\/loja\/wp-json\/wp\/v2\/product_tag?post=1376"}],"curies":[{"name":"wp","href":"https:\/\/api.w.org\/{rel}","templated":true}]}}